{"id":116,"date":"2024-03-23T09:19:16","date_gmt":"2024-03-23T08:19:16","guid":{"rendered":"https:\/\/www.dietmar-korthals.de\/dietmar-korthals_wordpress\/?page_id=116"},"modified":"2024-11-04T20:59:58","modified_gmt":"2024-11-04T19:59:58","slug":"home","status":"publish","type":"page","link":"https:\/\/www.dietmar-korthals.de\/dietmar-korthals_wordpress\/","title":{"rendered":"Home"},"content":{"rendered":"\n<figure class=\"wp-block-image alignfull size-full is-style-default\"><img fetchpriority=\"high\" decoding=\"async\" width=\"1920\" height=\"1280\" src=\"https:\/\/www.dietmar-korthals.de\/dietmar-korthals_wordpress\/wp-content\/uploads\/2024\/08\/20240505-do-DortBunt-Foto-Schaper_24-scaled.webp\" alt=\"\" class=\"wp-image-379\" srcset=\"https:\/\/www.dietmar-korthals.de\/dietmar-korthals_wordpress\/wp-content\/uploads\/2024\/08\/20240505-do-DortBunt-Foto-Schaper_24-scaled.webp 1920w, https:\/\/www.dietmar-korthals.de\/dietmar-korthals_wordpress\/wp-content\/uploads\/2024\/08\/20240505-do-DortBunt-Foto-Schaper_24-300x200.webp 300w, https:\/\/www.dietmar-korthals.de\/dietmar-korthals_wordpress\/wp-content\/uploads\/2024\/08\/20240505-do-DortBunt-Foto-Schaper_24-1024x683.webp 1024w, https:\/\/www.dietmar-korthals.de\/dietmar-korthals_wordpress\/wp-content\/uploads\/2024\/08\/20240505-do-DortBunt-Foto-Schaper_24-768x512.webp 768w, https:\/\/www.dietmar-korthals.de\/dietmar-korthals_wordpress\/wp-content\/uploads\/2024\/08\/20240505-do-DortBunt-Foto-Schaper_24-1536x1024.webp 1536w, https:\/\/www.dietmar-korthals.de\/dietmar-korthals_wordpress\/wp-content\/uploads\/2024\/08\/20240505-do-DortBunt-Foto-Schaper_24-1140x760.webp 1140w\" sizes=\"(max-width: 1920px) 100vw, 1920px\" \/><\/figure>\n\n\n\n<h2 class=\"wp-block-heading has-text-align-center\">Klavier. Orgel. Konzerte. Unterricht.<\/h2>\n\n\n\n<p class=\"has-text-align-center\"><br>Herzlich willkommen! Ich begr\u00fc\u00dfe Sie auf meiner Internetpr\u00e4senz und lade Sie zum Verweilen, Umschauen, Neugierigsein ein.<\/p>\n\n\n\n<p class=\"has-text-align-center\">Gerne informiere ich Sie \u00fcber meine musikalischen T\u00e4tigkeiten. F\u00fchlen Sie sich eingeladen, nach Herzenslust durch die verschiedenen Konzert &#8211; und Buchprojekte zu st\u00f6bern! Informieren Sie sich \u00fcber mein Unterrichtsangebot. Und wenn Sie ein Anliegen haben, freue ich mich auf den Kontakt mit Ihnen.<\/p>\n\n\n\n<p><\/p>\n\n\n\n<h6 class=\"wp-block-heading has-text-align-center\"><img decoding=\"async\" width=\"150\" height=\"100\" class=\"wp-image-365\" style=\"width: 150px;\" src=\"http:\/\/www.dietmar-korthals.de\/dietmar-korthals_wordpress\/wp-content\/uploads\/2024\/08\/dietmar_korthals_3-scaled.webp\" alt=\"\" srcset=\"https:\/\/www.dietmar-korthals.de\/dietmar-korthals_wordpress\/wp-content\/uploads\/2024\/08\/dietmar_korthals_3-scaled.webp 1920w, https:\/\/www.dietmar-korthals.de\/dietmar-korthals_wordpress\/wp-content\/uploads\/2024\/08\/dietmar_korthals_3-300x200.jpg 300w, https:\/\/www.dietmar-korthals.de\/dietmar-korthals_wordpress\/wp-content\/uploads\/2024\/08\/dietmar_korthals_3-1024x683.jpg 1024w, https:\/\/www.dietmar-korthals.de\/dietmar-korthals_wordpress\/wp-content\/uploads\/2024\/08\/dietmar_korthals_3-768x512.jpg 768w, https:\/\/www.dietmar-korthals.de\/dietmar-korthals_wordpress\/wp-content\/uploads\/2024\/08\/dietmar_korthals_3-1536x1024.jpg 1536w, https:\/\/www.dietmar-korthals.de\/dietmar-korthals_wordpress\/wp-content\/uploads\/2024\/08\/dietmar_korthals_3-2048x1365.jpg 2048w, https:\/\/www.dietmar-korthals.de\/dietmar-korthals_wordpress\/wp-content\/uploads\/2024\/08\/dietmar_korthals_3-1140x760.jpg 1140w\" sizes=\"(max-width: 150px) 100vw, 150px\" \/><\/h6>\n\n\n\n<p class=\"has-text-align-center\">Ihr Dietmar Korthals.<\/p>\n","protected":false},"excerpt":{"rendered":"<p>Klavier. Orgel. Konzerte. Unterricht. Herzlich willkommen! Ich begr\u00fc\u00dfe Sie auf meiner Internetpr\u00e4senz und lade Sie zum Verweilen, Umschauen, Neugierigsein ein.<span class=\"more-dots\">&#8230;<\/span><\/p>\n","protected":false},"author":1,"featured_media":379,"parent":0,"menu_order":0,"comment_status":"closed","ping_status":"closed","template":"","meta":{"_uf_show_specific_survey":0,"_uf_disable_surveys":false,"footnotes":""},"class_list":["post-116","page","type-page","status-publish","has-post-thumbnail","hentry"],"yoast_head":"<!-- This site is optimized with the Yoast SEO plugin v23.3 - https:\/\/yoast.com\/wordpress\/plugins\/seo\/ -->\n<title>Home - Dietmar Korthals<\/title>\n<meta name=\"description\" content=\"Orgel. Klavier. Konzerte. Unterricht. Hier finden Sie das Konzert- und Unterrichtsangebot von Dietmar Korthals in Dortmund.\" \/>\n<meta name=\"robots\" content=\"index, follow, max-snippet:-1, max-image-preview:large, max-video-preview:-1\" \/>\n<link rel=\"canonical\" href=\"http:\/\/www.dietmar-korthals.de\/dietmar-korthals_wordpress\/\" \/>\n<meta property=\"og:locale\" content=\"de_DE\" \/>\n<meta property=\"og:type\" content=\"article\" \/>\n<meta property=\"og:title\" content=\"Home - Dietmar Korthals\" \/>\n<meta property=\"og:description\" content=\"Orgel. Klavier. Konzerte. Unterricht. Hier finden Sie das Konzert- und Unterrichtsangebot von Dietmar Korthals in Dortmund.\" \/>\n<meta property=\"og:url\" content=\"http:\/\/www.dietmar-korthals.de\/dietmar-korthals_wordpress\/\" \/>\n<meta property=\"og:site_name\" content=\"Dietmar Korthals\" \/>\n<meta property=\"article:publisher\" content=\"https:\/\/www.facebook.com\/dietmar.korthals\" \/>\n<meta property=\"article:modified_time\" content=\"2024-11-04T19:59:58+00:00\" \/>\n<meta property=\"og:image\" content=\"http:\/\/www.dietmar-korthals.de\/dietmar-korthals_wordpress\/wp-content\/uploads\/2024\/08\/20240505-do-DortBunt-Foto-Schaper_24-scaled.webp\" \/>\n\t<meta property=\"og:image:width\" content=\"1920\" \/>\n\t<meta property=\"og:image:height\" content=\"1280\" \/>\n\t<meta property=\"og:image:type\" content=\"image\/webp\" \/>\n<meta name=\"twitter:card\" content=\"summary_large_image\" \/>\n<meta name=\"twitter:label1\" content=\"Gesch\u00e4tzte Lesezeit\" \/>\n\t<meta name=\"twitter:data1\" content=\"1\u00a0Minute\" \/>\n<script type=\"application\/ld+json\" class=\"yoast-schema-graph\">{\"@context\":\"https:\/\/schema.org\",\"@graph\":[{\"@type\":\"WebPage\",\"@id\":\"http:\/\/www.dietmar-korthals.de\/dietmar-korthals_wordpress\/\",\"url\":\"http:\/\/www.dietmar-korthals.de\/dietmar-korthals_wordpress\/\",\"name\":\"Home - Dietmar Korthals\",\"isPartOf\":{\"@id\":\"http:\/\/www.dietmar-korthals.de\/dietmar-korthals_wordpress\/#website\"},\"primaryImageOfPage\":{\"@id\":\"http:\/\/www.dietmar-korthals.de\/dietmar-korthals_wordpress\/#primaryimage\"},\"image\":{\"@id\":\"http:\/\/www.dietmar-korthals.de\/dietmar-korthals_wordpress\/#primaryimage\"},\"thumbnailUrl\":\"https:\/\/www.dietmar-korthals.de\/dietmar-korthals_wordpress\/wp-content\/uploads\/2024\/08\/20240505-do-DortBunt-Foto-Schaper_24-scaled.webp\",\"datePublished\":\"2024-03-23T08:19:16+00:00\",\"dateModified\":\"2024-11-04T19:59:58+00:00\",\"description\":\"Orgel. Klavier. Konzerte. Unterricht. Hier finden Sie das Konzert- und Unterrichtsangebot von Dietmar Korthals in Dortmund.\",\"breadcrumb\":{\"@id\":\"http:\/\/www.dietmar-korthals.de\/dietmar-korthals_wordpress\/#breadcrumb\"},\"inLanguage\":\"de\",\"potentialAction\":[{\"@type\":\"ReadAction\",\"target\":[\"http:\/\/www.dietmar-korthals.de\/dietmar-korthals_wordpress\/\"]}]},{\"@type\":\"ImageObject\",\"inLanguage\":\"de\",\"@id\":\"http:\/\/www.dietmar-korthals.de\/dietmar-korthals_wordpress\/#primaryimage\",\"url\":\"https:\/\/www.dietmar-korthals.de\/dietmar-korthals_wordpress\/wp-content\/uploads\/2024\/08\/20240505-do-DortBunt-Foto-Schaper_24-scaled.webp\",\"contentUrl\":\"https:\/\/www.dietmar-korthals.de\/dietmar-korthals_wordpress\/wp-content\/uploads\/2024\/08\/20240505-do-DortBunt-Foto-Schaper_24-scaled.webp\",\"width\":1920,\"height\":1280},{\"@type\":\"BreadcrumbList\",\"@id\":\"http:\/\/www.dietmar-korthals.de\/dietmar-korthals_wordpress\/#breadcrumb\",\"itemListElement\":[{\"@type\":\"ListItem\",\"position\":1,\"name\":\"Home\",\"item\":\"http:\/\/www.dietmar-korthals.de\/dietmar-korthals_wordpress\/\"},{\"@type\":\"ListItem\",\"position\":2,\"name\":\"Home\"}]},{\"@type\":\"WebSite\",\"@id\":\"http:\/\/www.dietmar-korthals.de\/dietmar-korthals_wordpress\/#website\",\"url\":\"http:\/\/www.dietmar-korthals.de\/dietmar-korthals_wordpress\/\",\"name\":\"Dietmar Korthals\",\"description\":\"Klavier. Orgel. Konzerte. Unterricht.\",\"publisher\":{\"@id\":\"http:\/\/www.dietmar-korthals.de\/dietmar-korthals_wordpress\/#\/schema\/person\/e762c527bb5e2287a6e0cdf9577bc822\"},\"potentialAction\":[{\"@type\":\"SearchAction\",\"target\":{\"@type\":\"EntryPoint\",\"urlTemplate\":\"http:\/\/www.dietmar-korthals.de\/dietmar-korthals_wordpress\/?s={search_term_string}\"},\"query-input\":\"required name=search_term_string\"}],\"inLanguage\":\"de\"},{\"@type\":[\"Person\",\"Organization\"],\"@id\":\"http:\/\/www.dietmar-korthals.de\/dietmar-korthals_wordpress\/#\/schema\/person\/e762c527bb5e2287a6e0cdf9577bc822\",\"name\":\"bluenote\",\"image\":{\"@type\":\"ImageObject\",\"inLanguage\":\"de\",\"@id\":\"http:\/\/www.dietmar-korthals.de\/dietmar-korthals_wordpress\/#\/schema\/person\/image\/\",\"url\":\"https:\/\/www.dietmar-korthals.de\/dietmar-korthals_wordpress\/wp-content\/uploads\/2024\/03\/dietmar_korthals_3-scaled-e1723734283249.webp\",\"contentUrl\":\"https:\/\/www.dietmar-korthals.de\/dietmar-korthals_wordpress\/wp-content\/uploads\/2024\/03\/dietmar_korthals_3-scaled-e1723734283249.webp\",\"width\":1180,\"height\":635,\"caption\":\"bluenote\"},\"logo\":{\"@id\":\"http:\/\/www.dietmar-korthals.de\/dietmar-korthals_wordpress\/#\/schema\/person\/image\/\"},\"description\":\"Preistr\u00e4ger Jugend komponiert. Studium Musikwissenschaft in Bochum. Klavierlehrer. Organist der Dortmunder Pauluskirche. Projekt \\\"Die popul\u00e4re Orgel\\\" - Choralbearbeitungen in Pop- und Jazzstilen f\u00fcr die Pfeifenorgel. Projekt Orgel plus DJ mit DJ Dash. Projekt PianoSacra - Klavierkl\u00e4nge f\u00fcr die Kirche. Projekt Das Orgelkombinat - Orgel plus Synthesizer. Fernerhin Interesse an den Werken Dortmunder Orgelkomponisten, insbesondere Otto Heinermann\",\"sameAs\":[\"http:\/\/www.dietmar-korthals.de\/dietmar-korthals_wordpress\",\"https:\/\/www.facebook.com\/dietmar.korthals\",\"https:\/\/www.youtube.com\/channel\/UCq2BlRBc_vQkNzsMAInGP6A\",\"https:\/\/de.everybodywiki.com\/Dietmar_Korthals\"]}]}<\/script>\n<!-- \/ Yoast SEO plugin. -->","yoast_head_json":{"title":"Home - Dietmar Korthals","description":"Orgel. Klavier. Konzerte. Unterricht. Hier finden Sie das Konzert- und Unterrichtsangebot von Dietmar Korthals in Dortmund.","robots":{"index":"index","follow":"follow","max-snippet":"max-snippet:-1","max-image-preview":"max-image-preview:large","max-video-preview":"max-video-preview:-1"},"canonical":"http:\/\/www.dietmar-korthals.de\/dietmar-korthals_wordpress\/","og_locale":"de_DE","og_type":"article","og_title":"Home - Dietmar Korthals","og_description":"Orgel. Klavier. Konzerte. Unterricht. Hier finden Sie das Konzert- und Unterrichtsangebot von Dietmar Korthals in Dortmund.","og_url":"http:\/\/www.dietmar-korthals.de\/dietmar-korthals_wordpress\/","og_site_name":"Dietmar Korthals","article_publisher":"https:\/\/www.facebook.com\/dietmar.korthals","article_modified_time":"2024-11-04T19:59:58+00:00","og_image":[{"width":1920,"height":1280,"url":"http:\/\/www.dietmar-korthals.de\/dietmar-korthals_wordpress\/wp-content\/uploads\/2024\/08\/20240505-do-DortBunt-Foto-Schaper_24-scaled.webp","type":"image\/webp"}],"twitter_card":"summary_large_image","twitter_misc":{"Gesch\u00e4tzte Lesezeit":"1\u00a0Minute"},"schema":{"@context":"https:\/\/schema.org","@graph":[{"@type":"WebPage","@id":"http:\/\/www.dietmar-korthals.de\/dietmar-korthals_wordpress\/","url":"http:\/\/www.dietmar-korthals.de\/dietmar-korthals_wordpress\/","name":"Home - Dietmar Korthals","isPartOf":{"@id":"http:\/\/www.dietmar-korthals.de\/dietmar-korthals_wordpress\/#website"},"primaryImageOfPage":{"@id":"http:\/\/www.dietmar-korthals.de\/dietmar-korthals_wordpress\/#primaryimage"},"image":{"@id":"http:\/\/www.dietmar-korthals.de\/dietmar-korthals_wordpress\/#primaryimage"},"thumbnailUrl":"https:\/\/www.dietmar-korthals.de\/dietmar-korthals_wordpress\/wp-content\/uploads\/2024\/08\/20240505-do-DortBunt-Foto-Schaper_24-scaled.webp","datePublished":"2024-03-23T08:19:16+00:00","dateModified":"2024-11-04T19:59:58+00:00","description":"Orgel. Klavier. Konzerte. Unterricht. Hier finden Sie das Konzert- und Unterrichtsangebot von Dietmar Korthals in Dortmund.","breadcrumb":{"@id":"http:\/\/www.dietmar-korthals.de\/dietmar-korthals_wordpress\/#breadcrumb"},"inLanguage":"de","potentialAction":[{"@type":"ReadAction","target":["http:\/\/www.dietmar-korthals.de\/dietmar-korthals_wordpress\/"]}]},{"@type":"ImageObject","inLanguage":"de","@id":"http:\/\/www.dietmar-korthals.de\/dietmar-korthals_wordpress\/#primaryimage","url":"https:\/\/www.dietmar-korthals.de\/dietmar-korthals_wordpress\/wp-content\/uploads\/2024\/08\/20240505-do-DortBunt-Foto-Schaper_24-scaled.webp","contentUrl":"https:\/\/www.dietmar-korthals.de\/dietmar-korthals_wordpress\/wp-content\/uploads\/2024\/08\/20240505-do-DortBunt-Foto-Schaper_24-scaled.webp","width":1920,"height":1280},{"@type":"BreadcrumbList","@id":"http:\/\/www.dietmar-korthals.de\/dietmar-korthals_wordpress\/#breadcrumb","itemListElement":[{"@type":"ListItem","position":1,"name":"Home","item":"http:\/\/www.dietmar-korthals.de\/dietmar-korthals_wordpress\/"},{"@type":"ListItem","position":2,"name":"Home"}]},{"@type":"WebSite","@id":"http:\/\/www.dietmar-korthals.de\/dietmar-korthals_wordpress\/#website","url":"http:\/\/www.dietmar-korthals.de\/dietmar-korthals_wordpress\/","name":"Dietmar Korthals","description":"Klavier. Orgel. Konzerte. Unterricht.","publisher":{"@id":"http:\/\/www.dietmar-korthals.de\/dietmar-korthals_wordpress\/#\/schema\/person\/e762c527bb5e2287a6e0cdf9577bc822"},"potentialAction":[{"@type":"SearchAction","target":{"@type":"EntryPoint","urlTemplate":"http:\/\/www.dietmar-korthals.de\/dietmar-korthals_wordpress\/?s={search_term_string}"},"query-input":"required name=search_term_string"}],"inLanguage":"de"},{"@type":["Person","Organization"],"@id":"http:\/\/www.dietmar-korthals.de\/dietmar-korthals_wordpress\/#\/schema\/person\/e762c527bb5e2287a6e0cdf9577bc822","name":"bluenote","image":{"@type":"ImageObject","inLanguage":"de","@id":"http:\/\/www.dietmar-korthals.de\/dietmar-korthals_wordpress\/#\/schema\/person\/image\/","url":"https:\/\/www.dietmar-korthals.de\/dietmar-korthals_wordpress\/wp-content\/uploads\/2024\/03\/dietmar_korthals_3-scaled-e1723734283249.webp","contentUrl":"https:\/\/www.dietmar-korthals.de\/dietmar-korthals_wordpress\/wp-content\/uploads\/2024\/03\/dietmar_korthals_3-scaled-e1723734283249.webp","width":1180,"height":635,"caption":"bluenote"},"logo":{"@id":"http:\/\/www.dietmar-korthals.de\/dietmar-korthals_wordpress\/#\/schema\/person\/image\/"},"description":"Preistr\u00e4ger Jugend komponiert. Studium Musikwissenschaft in Bochum. Klavierlehrer. Organist der Dortmunder Pauluskirche. Projekt \"Die popul\u00e4re Orgel\" - Choralbearbeitungen in Pop- und Jazzstilen f\u00fcr die Pfeifenorgel. Projekt Orgel plus DJ mit DJ Dash. Projekt PianoSacra - Klavierkl\u00e4nge f\u00fcr die Kirche. Projekt Das Orgelkombinat - Orgel plus Synthesizer. Fernerhin Interesse an den Werken Dortmunder Orgelkomponisten, insbesondere Otto Heinermann","sameAs":["http:\/\/www.dietmar-korthals.de\/dietmar-korthals_wordpress","https:\/\/www.facebook.com\/dietmar.korthals","https:\/\/www.youtube.com\/channel\/UCq2BlRBc_vQkNzsMAInGP6A","https:\/\/de.everybodywiki.com\/Dietmar_Korthals"]}]}},"_links":{"self":[{"href":"https:\/\/www.dietmar-korthals.de\/dietmar-korthals_wordpress\/wp-json\/wp\/v2\/pages\/116","targetHints":{"allow":["GET"]}}],"collection":[{"href":"https:\/\/www.dietmar-korthals.de\/dietmar-korthals_wordpress\/wp-json\/wp\/v2\/pages"}],"about":[{"href":"https:\/\/www.dietmar-korthals.de\/dietmar-korthals_wordpress\/wp-json\/wp\/v2\/types\/page"}],"author":[{"embeddable":true,"href":"https:\/\/www.dietmar-korthals.de\/dietmar-korthals_wordpress\/wp-json\/wp\/v2\/users\/1"}],"replies":[{"embeddable":true,"href":"https:\/\/www.dietmar-korthals.de\/dietmar-korthals_wordpress\/wp-json\/wp\/v2\/comments?post=116"}],"version-history":[{"count":45,"href":"https:\/\/www.dietmar-korthals.de\/dietmar-korthals_wordpress\/wp-json\/wp\/v2\/pages\/116\/revisions"}],"predecessor-version":[{"id":513,"href":"https:\/\/www.dietmar-korthals.de\/dietmar-korthals_wordpress\/wp-json\/wp\/v2\/pages\/116\/revisions\/513"}],"wp:featuredmedia":[{"embeddable":true,"href":"https:\/\/www.dietmar-korthals.de\/dietmar-korthals_wordpress\/wp-json\/wp\/v2\/media\/379"}],"wp:attachment":[{"href":"https:\/\/www.dietmar-korthals.de\/dietmar-korthals_wordpress\/wp-json\/wp\/v2\/media?parent=116"}],"curies":[{"name":"wp","href":"https:\/\/api.w.org\/{rel}","templated":true}]}}