{"id":264,"date":"2024-08-15T14:11:40","date_gmt":"2024-08-15T12:11:40","guid":{"rendered":"https:\/\/www.dietmar-korthals.de\/dietmar-korthals_wordpress\/?page_id=264"},"modified":"2024-08-21T11:43:03","modified_gmt":"2024-08-21T09:43:03","slug":"biografisches","status":"publish","type":"page","link":"http:\/\/www.dietmar-korthals.de\/dietmar-korthals_wordpress\/biografisches\/","title":{"rendered":"Das bin ich"},"content":{"rendered":"\t\t<div data-elementor-type=\"wp-page\" data-elementor-id=\"264\" class=\"elementor elementor-264\">\n\t\t\t\t<div class=\"elementor-element elementor-element-bea039d e-flex e-con-boxed e-con e-parent\" data-id=\"bea039d\" data-element_type=\"container\">\n\t\t\t\t\t<div class=\"e-con-inner\">\n\t\t\t\t<div class=\"elementor-element elementor-element-c9b386b elementor-widget elementor-widget-image\" data-id=\"c9b386b\" data-element_type=\"widget\" data-widget_type=\"image.default\">\n\t\t\t\t<div class=\"elementor-widget-container\">\n\t\t\t<style>\/*! elementor - v3.23.0 - 05-08-2024 *\/\n.elementor-widget-image{text-align:center}.elementor-widget-image a{display:inline-block}.elementor-widget-image a img[src$=\".svg\"]{width:48px}.elementor-widget-image img{vertical-align:middle;display:inline-block}<\/style>\t\t\t\t\t\t\t\t\t\t<img fetchpriority=\"high\" decoding=\"async\" width=\"1024\" height=\"683\" src=\"http:\/\/www.dietmar-korthals.de\/dietmar-korthals_wordpress\/wp-content\/uploads\/2024\/03\/dietmar_korthals_3-1024x683.jpg\" class=\"attachment-large size-large wp-image-61\" alt=\"\" srcset=\"http:\/\/www.dietmar-korthals.de\/dietmar-korthals_wordpress\/wp-content\/uploads\/2024\/03\/dietmar_korthals_3-1024x683.jpg 1024w, http:\/\/www.dietmar-korthals.de\/dietmar-korthals_wordpress\/wp-content\/uploads\/2024\/03\/dietmar_korthals_3-300x200.jpg 300w, http:\/\/www.dietmar-korthals.de\/dietmar-korthals_wordpress\/wp-content\/uploads\/2024\/03\/dietmar_korthals_3-768x512.jpg 768w, http:\/\/www.dietmar-korthals.de\/dietmar-korthals_wordpress\/wp-content\/uploads\/2024\/03\/dietmar_korthals_3-1536x1024.jpg 1536w, http:\/\/www.dietmar-korthals.de\/dietmar-korthals_wordpress\/wp-content\/uploads\/2024\/03\/dietmar_korthals_3-2048x1365.jpg 2048w, http:\/\/www.dietmar-korthals.de\/dietmar-korthals_wordpress\/wp-content\/uploads\/2024\/03\/dietmar_korthals_3-1140x760.jpg 1140w\" sizes=\"(max-width: 1024px) 100vw, 1024px\" \/>\t\t\t\t\t\t\t\t\t\t\t\t\t<\/div>\n\t\t\t\t<\/div>\n\t\t\t\t<div class=\"elementor-element elementor-element-5f15780 elementor-widget elementor-widget-text-editor\" data-id=\"5f15780\" data-element_type=\"widget\" data-widget_type=\"text-editor.default\">\n\t\t\t\t<div class=\"elementor-widget-container\">\n\t\t\t<style>\/*! elementor - v3.23.0 - 05-08-2024 *\/\n.elementor-widget-text-editor.elementor-drop-cap-view-stacked .elementor-drop-cap{background-color:#69727d;color:#fff}.elementor-widget-text-editor.elementor-drop-cap-view-framed .elementor-drop-cap{color:#69727d;border:3px solid;background-color:transparent}.elementor-widget-text-editor:not(.elementor-drop-cap-view-default) .elementor-drop-cap{margin-top:8px}.elementor-widget-text-editor:not(.elementor-drop-cap-view-default) .elementor-drop-cap-letter{width:1em;height:1em}.elementor-widget-text-editor .elementor-drop-cap{float:left;text-align:center;line-height:1;font-size:50px}.elementor-widget-text-editor .elementor-drop-cap-letter{display:inline-block}<\/style>\t\t\t\t<p>Geboren wurde ich 1971 in Dortmund. Nachdem ich Preistr\u00e4ger beim Landeswettbewerb &#8222;Jugend komponiert&#8220; wurde, nahm ich <strong>Kompositionsunterricht<\/strong> bei <strong>H.J.M.A. Derdack<\/strong>. Zudem erfolgte ab 1994 ein Studium der <strong>Musikwissenschaften<\/strong> in Bochum und Essen.<\/p><p>Heute wirke ich als<strong> Organist<\/strong> und <strong>Klavierlehrer<\/strong>. Seit 2012 bin ich Organist der Evangelischen Lydia-Gemeinde Dortmund, zu der die Dortmunder Pauluskirche geh\u00f6rt.\u00a0<\/p><p>Als Schwerpunktinteresse lote ich die Grenzen zwischen Klassik und Popularmusik aus. Das seit 2009 bestehende Projekt <strong><em>die popul\u00e4re orgel<\/em><\/strong> beinhaltet konzertante Choralbearbeitungen f\u00fcr Pfeifenorgel, in denen Elemente klassischer Musik gleichberechtigt neben popularmusikalischen Stilmerkmalen stehen. Zu diesem Projekt sind eine CD und zwei Notenb\u00fccher entstanden, die allesamt in der Edition Punctum Saliens verlegt sind.<\/p><p>Das Pfarrerehepaar Laker und ich f\u00fchren seit 2013 mehrfach im Jahr sogenannte Kulturgottesdienste durch: im Mittelpunkt des Gottesdienstes steht eine Band oder ein Rockstar. Die Predigt kn\u00fcpft an den Star an, und ich bereite f\u00fcnf Titel des Stars auf der Pfeifenorgel vor. Diese Gottesdienste sind in der Regel sehr gut besucht. Wir konnten die mediale Aufmerksamkeit von WDR3, Radio Dortmund, Ruhr Nachrichten, SAT1, (und sogar der Bild-Zeitung, aber pssst!) erhaschen. Das daraus resultierende Konzertprogramm<em><strong> Stars auf der Kirchenorgel <\/strong><\/em>wird ebenfalls regelm\u00e4\u00dfig gut besucht: so waren beim ersten Konzert w\u00e4hrend der Evangelischen Kirchentages in Dortmund 2019 650 Besucher anwesend.<\/p><p>Mit meinem Bruder, dem renommierten Drum&amp;Bass-DJ &#8222;Dash&#8220;, setzte ich 2013 erstmalig die Besetzung <strong><em>Orgel plus DJ<\/em><\/strong> um: mein Bruder legt Platten auf, ich improvisiere dazu auf der Kirchenorgel. Der Jugendradiosender 1Live war beim Premierenkonzert vor Ort.<\/p><p>In meinem Projekt<strong><em> PianoSacra<\/em><\/strong> erstelle ich solistische Vortragsst\u00fccke f\u00fcr das Klavier im kirchlichen Kontext. Auch hier bin ich bem\u00fcht, eine stilistische Vielfalt umzusetzen: das Spektrum reicht von Swing bis zur Fuge.<\/p><p>Desweiteren gilt mein Interesse den Dortmunder Orgelkomponisten, allen voran<strong> Otto Heinermann<\/strong> (1887-1977), der\u00a0 von 1909 bis 1944 an &#8222;meiner&#8220; Pauluskirche wirkte und eine Menge Orgelwerke im vorwiegend sp\u00e4tromantischen Stil hinterlassen hat.<\/p><h4>Erschienene Medien<\/h4><h6>Buch<\/h6><p><em>Aggression als musikalische Metapher und ihre Wahrnehmung &#8211; Ein alternativer Ansatz zur Erkl\u00e4rung der Entstehungvon Aggressionen durch Musik.\u00a0 <\/em>Grin Verlag, M\u00fcnchen 1999<\/p><h6>Noten<\/h6><p><em>Die popul\u00e4re Orgel<\/em>. Edition Punctum Saliens, Brockhagen 2009<br \/><em>Die popul\u00e4re Orgel II<\/em>. Edition Punctum Saliens, Brockhagen 2015.<br \/><em>PianoSacra<\/em>. Edition Punctum Saliens, Brockhagen 2019.<\/p><h6>CD<\/h6><p>Die popul\u00e4re Orgel. Edition Punctum Saliens, Brockhagen 2009.<\/p>\t\t\t\t\t\t<\/div>\n\t\t\t\t<\/div>\n\t\t\t\t\t<\/div>\n\t\t\t\t<\/div>\n\t\t\t\t<\/div>\n\t\t","protected":false},"excerpt":{"rendered":"<p>Geboren wurde ich 1971 in Dortmund. Nachdem ich Preistr\u00e4ger beim Landeswettbewerb &#8222;Jugend komponiert&#8220; wurde, nahm ich Kompositionsunterricht bei H.J.M.A. Derdack.<span class=\"more-dots\">&#8230;<\/span><\/p>\n","protected":false},"author":1,"featured_media":61,"parent":0,"menu_order":0,"comment_status":"closed","ping_status":"closed","template":"","meta":{"_uf_show_specific_survey":0,"_uf_disable_surveys":false,"footnotes":""},"class_list":["post-264","page","type-page","status-publish","has-post-thumbnail","hentry"],"yoast_head":"<!-- This site is optimized with the Yoast SEO plugin v23.3 - https:\/\/yoast.com\/wordpress\/plugins\/seo\/ -->\n<title>Das bin ich - Dietmar Korthals<\/title>\n<meta name=\"robots\" content=\"index, follow, max-snippet:-1, max-image-preview:large, max-video-preview:-1\" \/>\n<link rel=\"canonical\" href=\"http:\/\/www.dietmar-korthals.de\/dietmar-korthals_wordpress\/biografisches\/\" \/>\n<meta property=\"og:locale\" content=\"de_DE\" \/>\n<meta property=\"og:type\" content=\"article\" \/>\n<meta property=\"og:title\" content=\"Das bin ich - Dietmar Korthals\" \/>\n<meta property=\"og:description\" content=\"Geboren wurde ich 1971 in Dortmund. Nachdem ich Preistr\u00e4ger beim Landeswettbewerb &#8222;Jugend komponiert&#8220; wurde, nahm ich Kompositionsunterricht bei H.J.M.A. Derdack....\" \/>\n<meta property=\"og:url\" content=\"http:\/\/www.dietmar-korthals.de\/dietmar-korthals_wordpress\/biografisches\/\" \/>\n<meta property=\"og:site_name\" content=\"Dietmar Korthals\" \/>\n<meta property=\"article:publisher\" content=\"https:\/\/www.facebook.com\/dietmar.korthals\" \/>\n<meta property=\"article:modified_time\" content=\"2024-08-21T09:43:03+00:00\" \/>\n<meta property=\"og:image\" content=\"http:\/\/www.dietmar-korthals.de\/dietmar-korthals_wordpress\/wp-content\/uploads\/2024\/03\/dietmar_korthals_3-scaled.jpg\" \/>\n\t<meta property=\"og:image:width\" content=\"2560\" \/>\n\t<meta property=\"og:image:height\" content=\"1707\" \/>\n\t<meta property=\"og:image:type\" content=\"image\/webp\" \/>\n<meta name=\"twitter:card\" content=\"summary_large_image\" \/>\n<meta name=\"twitter:label1\" content=\"Gesch\u00e4tzte Lesezeit\" \/>\n\t<meta name=\"twitter:data1\" content=\"3\u00a0Minuten\" \/>\n<script type=\"application\/ld+json\" class=\"yoast-schema-graph\">{\"@context\":\"https:\/\/schema.org\",\"@graph\":[{\"@type\":\"WebPage\",\"@id\":\"http:\/\/www.dietmar-korthals.de\/dietmar-korthals_wordpress\/biografisches\/\",\"url\":\"http:\/\/www.dietmar-korthals.de\/dietmar-korthals_wordpress\/biografisches\/\",\"name\":\"Das bin ich - Dietmar Korthals\",\"isPartOf\":{\"@id\":\"https:\/\/www.dietmar-korthals.de\/dietmar-korthals_wordpress\/#website\"},\"primaryImageOfPage\":{\"@id\":\"http:\/\/www.dietmar-korthals.de\/dietmar-korthals_wordpress\/biografisches\/#primaryimage\"},\"image\":{\"@id\":\"http:\/\/www.dietmar-korthals.de\/dietmar-korthals_wordpress\/biografisches\/#primaryimage\"},\"thumbnailUrl\":\"http:\/\/www.dietmar-korthals.de\/dietmar-korthals_wordpress\/wp-content\/uploads\/2024\/03\/dietmar_korthals_3-scaled.jpg\",\"datePublished\":\"2024-08-15T12:11:40+00:00\",\"dateModified\":\"2024-08-21T09:43:03+00:00\",\"breadcrumb\":{\"@id\":\"http:\/\/www.dietmar-korthals.de\/dietmar-korthals_wordpress\/biografisches\/#breadcrumb\"},\"inLanguage\":\"de\",\"potentialAction\":[{\"@type\":\"ReadAction\",\"target\":[\"http:\/\/www.dietmar-korthals.de\/dietmar-korthals_wordpress\/biografisches\/\"]}]},{\"@type\":\"ImageObject\",\"inLanguage\":\"de\",\"@id\":\"http:\/\/www.dietmar-korthals.de\/dietmar-korthals_wordpress\/biografisches\/#primaryimage\",\"url\":\"http:\/\/www.dietmar-korthals.de\/dietmar-korthals_wordpress\/wp-content\/uploads\/2024\/03\/dietmar_korthals_3-scaled.jpg\",\"contentUrl\":\"http:\/\/www.dietmar-korthals.de\/dietmar-korthals_wordpress\/wp-content\/uploads\/2024\/03\/dietmar_korthals_3-scaled.jpg\",\"width\":2560,\"height\":1707},{\"@type\":\"BreadcrumbList\",\"@id\":\"http:\/\/www.dietmar-korthals.de\/dietmar-korthals_wordpress\/biografisches\/#breadcrumb\",\"itemListElement\":[{\"@type\":\"ListItem\",\"position\":1,\"name\":\"Home\",\"item\":\"https:\/\/www.dietmar-korthals.de\/dietmar-korthals_wordpress\/\"},{\"@type\":\"ListItem\",\"position\":2,\"name\":\"Das bin ich\"}]},{\"@type\":\"WebSite\",\"@id\":\"https:\/\/www.dietmar-korthals.de\/dietmar-korthals_wordpress\/#website\",\"url\":\"https:\/\/www.dietmar-korthals.de\/dietmar-korthals_wordpress\/\",\"name\":\"Dietmar Korthals\",\"description\":\"Klavier. Orgel. Konzerte. Unterricht.\",\"publisher\":{\"@id\":\"https:\/\/www.dietmar-korthals.de\/dietmar-korthals_wordpress\/#\/schema\/person\/e762c527bb5e2287a6e0cdf9577bc822\"},\"potentialAction\":[{\"@type\":\"SearchAction\",\"target\":{\"@type\":\"EntryPoint\",\"urlTemplate\":\"https:\/\/www.dietmar-korthals.de\/dietmar-korthals_wordpress\/?s={search_term_string}\"},\"query-input\":\"required name=search_term_string\"}],\"inLanguage\":\"de\"},{\"@type\":[\"Person\",\"Organization\"],\"@id\":\"https:\/\/www.dietmar-korthals.de\/dietmar-korthals_wordpress\/#\/schema\/person\/e762c527bb5e2287a6e0cdf9577bc822\",\"name\":\"bluenote\",\"image\":{\"@type\":\"ImageObject\",\"inLanguage\":\"de\",\"@id\":\"https:\/\/www.dietmar-korthals.de\/dietmar-korthals_wordpress\/#\/schema\/person\/image\/\",\"url\":\"https:\/\/www.dietmar-korthals.de\/dietmar-korthals_wordpress\/wp-content\/uploads\/2024\/03\/dietmar_korthals_3-scaled-e1723734283249.webp\",\"contentUrl\":\"https:\/\/www.dietmar-korthals.de\/dietmar-korthals_wordpress\/wp-content\/uploads\/2024\/03\/dietmar_korthals_3-scaled-e1723734283249.webp\",\"width\":1180,\"height\":635,\"caption\":\"bluenote\"},\"logo\":{\"@id\":\"https:\/\/www.dietmar-korthals.de\/dietmar-korthals_wordpress\/#\/schema\/person\/image\/\"},\"description\":\"Preistr\u00e4ger Jugend komponiert. Studium Musikwissenschaft in Bochum. Klavierlehrer. Organist der Dortmunder Pauluskirche. Projekt \\\"Die popul\u00e4re Orgel\\\" - Choralbearbeitungen in Pop- und Jazzstilen f\u00fcr die Pfeifenorgel. Projekt Orgel plus DJ mit DJ Dash. Projekt PianoSacra - Klavierkl\u00e4nge f\u00fcr die Kirche. Projekt Das Orgelkombinat - Orgel plus Synthesizer. Fernerhin Interesse an den Werken Dortmunder Orgelkomponisten, insbesondere Otto Heinermann\",\"sameAs\":[\"http:\/\/www.dietmar-korthals.de\/dietmar-korthals_wordpress\",\"https:\/\/www.facebook.com\/dietmar.korthals\",\"https:\/\/www.youtube.com\/channel\/UCq2BlRBc_vQkNzsMAInGP6A\",\"https:\/\/de.everybodywiki.com\/Dietmar_Korthals\"]}]}<\/script>\n<!-- \/ Yoast SEO plugin. -->","yoast_head_json":{"title":"Das bin ich - Dietmar Korthals","robots":{"index":"index","follow":"follow","max-snippet":"max-snippet:-1","max-image-preview":"max-image-preview:large","max-video-preview":"max-video-preview:-1"},"canonical":"http:\/\/www.dietmar-korthals.de\/dietmar-korthals_wordpress\/biografisches\/","og_locale":"de_DE","og_type":"article","og_title":"Das bin ich - Dietmar Korthals","og_description":"Geboren wurde ich 1971 in Dortmund. Nachdem ich Preistr\u00e4ger beim Landeswettbewerb &#8222;Jugend komponiert&#8220; wurde, nahm ich Kompositionsunterricht bei H.J.M.A. Derdack....","og_url":"http:\/\/www.dietmar-korthals.de\/dietmar-korthals_wordpress\/biografisches\/","og_site_name":"Dietmar Korthals","article_publisher":"https:\/\/www.facebook.com\/dietmar.korthals","article_modified_time":"2024-08-21T09:43:03+00:00","og_image":[{"width":2560,"height":1707,"url":"http:\/\/www.dietmar-korthals.de\/dietmar-korthals_wordpress\/wp-content\/uploads\/2024\/03\/dietmar_korthals_3-scaled.jpg","type":"image\/webp"}],"twitter_card":"summary_large_image","twitter_misc":{"Gesch\u00e4tzte Lesezeit":"3\u00a0Minuten"},"schema":{"@context":"https:\/\/schema.org","@graph":[{"@type":"WebPage","@id":"http:\/\/www.dietmar-korthals.de\/dietmar-korthals_wordpress\/biografisches\/","url":"http:\/\/www.dietmar-korthals.de\/dietmar-korthals_wordpress\/biografisches\/","name":"Das bin ich - Dietmar Korthals","isPartOf":{"@id":"https:\/\/www.dietmar-korthals.de\/dietmar-korthals_wordpress\/#website"},"primaryImageOfPage":{"@id":"http:\/\/www.dietmar-korthals.de\/dietmar-korthals_wordpress\/biografisches\/#primaryimage"},"image":{"@id":"http:\/\/www.dietmar-korthals.de\/dietmar-korthals_wordpress\/biografisches\/#primaryimage"},"thumbnailUrl":"http:\/\/www.dietmar-korthals.de\/dietmar-korthals_wordpress\/wp-content\/uploads\/2024\/03\/dietmar_korthals_3-scaled.jpg","datePublished":"2024-08-15T12:11:40+00:00","dateModified":"2024-08-21T09:43:03+00:00","breadcrumb":{"@id":"http:\/\/www.dietmar-korthals.de\/dietmar-korthals_wordpress\/biografisches\/#breadcrumb"},"inLanguage":"de","potentialAction":[{"@type":"ReadAction","target":["http:\/\/www.dietmar-korthals.de\/dietmar-korthals_wordpress\/biografisches\/"]}]},{"@type":"ImageObject","inLanguage":"de","@id":"http:\/\/www.dietmar-korthals.de\/dietmar-korthals_wordpress\/biografisches\/#primaryimage","url":"http:\/\/www.dietmar-korthals.de\/dietmar-korthals_wordpress\/wp-content\/uploads\/2024\/03\/dietmar_korthals_3-scaled.jpg","contentUrl":"http:\/\/www.dietmar-korthals.de\/dietmar-korthals_wordpress\/wp-content\/uploads\/2024\/03\/dietmar_korthals_3-scaled.jpg","width":2560,"height":1707},{"@type":"BreadcrumbList","@id":"http:\/\/www.dietmar-korthals.de\/dietmar-korthals_wordpress\/biografisches\/#breadcrumb","itemListElement":[{"@type":"ListItem","position":1,"name":"Home","item":"https:\/\/www.dietmar-korthals.de\/dietmar-korthals_wordpress\/"},{"@type":"ListItem","position":2,"name":"Das bin ich"}]},{"@type":"WebSite","@id":"https:\/\/www.dietmar-korthals.de\/dietmar-korthals_wordpress\/#website","url":"https:\/\/www.dietmar-korthals.de\/dietmar-korthals_wordpress\/","name":"Dietmar Korthals","description":"Klavier. Orgel. Konzerte. Unterricht.","publisher":{"@id":"https:\/\/www.dietmar-korthals.de\/dietmar-korthals_wordpress\/#\/schema\/person\/e762c527bb5e2287a6e0cdf9577bc822"},"potentialAction":[{"@type":"SearchAction","target":{"@type":"EntryPoint","urlTemplate":"https:\/\/www.dietmar-korthals.de\/dietmar-korthals_wordpress\/?s={search_term_string}"},"query-input":"required name=search_term_string"}],"inLanguage":"de"},{"@type":["Person","Organization"],"@id":"https:\/\/www.dietmar-korthals.de\/dietmar-korthals_wordpress\/#\/schema\/person\/e762c527bb5e2287a6e0cdf9577bc822","name":"bluenote","image":{"@type":"ImageObject","inLanguage":"de","@id":"https:\/\/www.dietmar-korthals.de\/dietmar-korthals_wordpress\/#\/schema\/person\/image\/","url":"https:\/\/www.dietmar-korthals.de\/dietmar-korthals_wordpress\/wp-content\/uploads\/2024\/03\/dietmar_korthals_3-scaled-e1723734283249.webp","contentUrl":"https:\/\/www.dietmar-korthals.de\/dietmar-korthals_wordpress\/wp-content\/uploads\/2024\/03\/dietmar_korthals_3-scaled-e1723734283249.webp","width":1180,"height":635,"caption":"bluenote"},"logo":{"@id":"https:\/\/www.dietmar-korthals.de\/dietmar-korthals_wordpress\/#\/schema\/person\/image\/"},"description":"Preistr\u00e4ger Jugend komponiert. Studium Musikwissenschaft in Bochum. Klavierlehrer. Organist der Dortmunder Pauluskirche. Projekt \"Die popul\u00e4re Orgel\" - Choralbearbeitungen in Pop- und Jazzstilen f\u00fcr die Pfeifenorgel. Projekt Orgel plus DJ mit DJ Dash. Projekt PianoSacra - Klavierkl\u00e4nge f\u00fcr die Kirche. Projekt Das Orgelkombinat - Orgel plus Synthesizer. Fernerhin Interesse an den Werken Dortmunder Orgelkomponisten, insbesondere Otto Heinermann","sameAs":["http:\/\/www.dietmar-korthals.de\/dietmar-korthals_wordpress","https:\/\/www.facebook.com\/dietmar.korthals","https:\/\/www.youtube.com\/channel\/UCq2BlRBc_vQkNzsMAInGP6A","https:\/\/de.everybodywiki.com\/Dietmar_Korthals"]}]}},"_links":{"self":[{"href":"http:\/\/www.dietmar-korthals.de\/dietmar-korthals_wordpress\/wp-json\/wp\/v2\/pages\/264","targetHints":{"allow":["GET"]}}],"collection":[{"href":"http:\/\/www.dietmar-korthals.de\/dietmar-korthals_wordpress\/wp-json\/wp\/v2\/pages"}],"about":[{"href":"http:\/\/www.dietmar-korthals.de\/dietmar-korthals_wordpress\/wp-json\/wp\/v2\/types\/page"}],"author":[{"embeddable":true,"href":"http:\/\/www.dietmar-korthals.de\/dietmar-korthals_wordpress\/wp-json\/wp\/v2\/users\/1"}],"replies":[{"embeddable":true,"href":"http:\/\/www.dietmar-korthals.de\/dietmar-korthals_wordpress\/wp-json\/wp\/v2\/comments?post=264"}],"version-history":[{"count":27,"href":"http:\/\/www.dietmar-korthals.de\/dietmar-korthals_wordpress\/wp-json\/wp\/v2\/pages\/264\/revisions"}],"predecessor-version":[{"id":430,"href":"http:\/\/www.dietmar-korthals.de\/dietmar-korthals_wordpress\/wp-json\/wp\/v2\/pages\/264\/revisions\/430"}],"wp:featuredmedia":[{"embeddable":true,"href":"http:\/\/www.dietmar-korthals.de\/dietmar-korthals_wordpress\/wp-json\/wp\/v2\/media\/61"}],"wp:attachment":[{"href":"http:\/\/www.dietmar-korthals.de\/dietmar-korthals_wordpress\/wp-json\/wp\/v2\/media?parent=264"}],"curies":[{"name":"wp","href":"https:\/\/api.w.org\/{rel}","templated":true}]}}