{"id":119,"date":"2024-03-23T09:19:17","date_gmt":"2024-03-23T08:19:17","guid":{"rendered":"https:\/\/www.dietmar-korthals.de\/dietmar-korthals_wordpress\/?page_id=119"},"modified":"2024-11-19T11:48:28","modified_gmt":"2024-11-19T10:48:28","slug":"klavierunterricht-in-dortmund","status":"publish","type":"page","link":"http:\/\/www.dietmar-korthals.de\/dietmar-korthals_wordpress\/klavierunterricht-in-dortmund\/","title":{"rendered":"Unterricht"},"content":{"rendered":"\t\t<div data-elementor-type=\"wp-page\" data-elementor-id=\"119\" class=\"elementor elementor-119\">\n\t\t\t\t<div class=\"elementor-element elementor-element-5ce7acb e-flex e-con-boxed e-con e-parent\" data-id=\"5ce7acb\" data-element_type=\"container\">\n\t\t\t\t\t<div class=\"e-con-inner\">\n\t\t\t\t<div class=\"elementor-element elementor-element-21ac9b71 elementor-widget elementor-widget-text-editor\" data-id=\"21ac9b71\" data-element_type=\"widget\" data-widget_type=\"text-editor.default\">\n\t\t\t\t<div class=\"elementor-widget-container\">\n\t\t\t<style>\/*! elementor - v3.23.0 - 05-08-2024 *\/\n.elementor-widget-text-editor.elementor-drop-cap-view-stacked .elementor-drop-cap{background-color:#69727d;color:#fff}.elementor-widget-text-editor.elementor-drop-cap-view-framed .elementor-drop-cap{color:#69727d;border:3px solid;background-color:transparent}.elementor-widget-text-editor:not(.elementor-drop-cap-view-default) .elementor-drop-cap{margin-top:8px}.elementor-widget-text-editor:not(.elementor-drop-cap-view-default) .elementor-drop-cap-letter{width:1em;height:1em}.elementor-widget-text-editor .elementor-drop-cap{float:left;text-align:center;line-height:1;font-size:50px}.elementor-widget-text-editor .elementor-drop-cap-letter{display:inline-block}<\/style>\t\t\t\t<!-- wp:heading {\"className\":\"\"} -->\n<h2 class=\"\">Klavier. Musiktheorie. Komposition.<\/h2>\n<!-- \/wp:heading --><!-- wp:paragraph {\"className\":\"\"} -->\n<h6>Klavierunterricht<\/h6>\n<p>Egal ob f\u00fcr Sie oder ihr Kind: f\u00fcr alle Altersgruppen biete ich <strong>Klavierunterricht<\/strong> in Dortmund an. Welche Stilrichtung pr\u00e4feriert wird, spreche ich gerne mit Ihnen bzw. Ihrer Tochter, Ihrem Sohn ab. Sofern ein gewisses Grundniveau erarbeitet wurde bzw. vorhanden ist, kann der Unterricht gerne mit <strong>popularmusikalischen St\u00fccken, Musik aus Mangaserien<\/strong> oder mit<strong> Filmmusik<\/strong> angereichert werden. Oder erlernen Sie das <strong>Spiel nach Akkordsymbolen<\/strong>, um Andere &#8211; vielleicht eine Band? &#8211; oder sich selbst am Klavier singend zu begleiten. Und nat\u00fcrlich leite ich gerne einen Weg durch die farbenfrohe Welt der<strong> klassischen Musik<\/strong>.<\/p>\n<p>Leistungsorientierte Sch\u00fcler und Sch\u00fclerinnen f\u00fchre ich durch den Wettbewerb <strong>Jugend musiziert<\/strong>. Sollte der Wunsch vorhanden sein, Berufsmusiker zu werden, bereite ich gerne auf eine <strong>Aufnahmepr\u00fcfung<\/strong> vor.<\/p>\n<p>Zweimal im Jahr findet ein <strong>Konzert<\/strong> aller jungen Klaviersch\u00fcler und Klaviersch\u00fclerinnen in der Dortmunder Pauluskirche statt. F\u00fcr Wettbewerbs- und Aufnahmepr\u00fcfungsvorbereitungen organisiere ich zudem nach Bedarf und M\u00f6glichkeit zus\u00e4tzliche Konzerte bzw. Auftrittsm\u00f6glichkeiten.<\/p>\n<p>\u00dcbrigens ist der Klavierunterricht vernetzungsf\u00e4hig: so k\u00f6nnen im Klavierunterricht auch Grundlagen der Musiktheorie einflie\u00dfen oder auch eigene Kompositionen Thema des Unterrichts werden, wenn der Bedarf daf\u00fcr vorhanden ist.<\/p>\n<h6>Klassische Musiktheorie<\/h6>\n<p>Was ist der Bauplan der Musik? Wie ist sie konstruiert?<\/p>\n<p>In diesem Fach werden die theoretischen Grundlagen der klassischen\u00a0 Musik vermittelt: von Tonleiter- und Dreiklangsbildung hin zu Harmonie-, Satz- und Formenlehre und auch Geh\u00f6rbildung.\u00a0<\/p>\n<h6>Klassische Komposition<\/h6>\n<!-- \/wp:paragraph --><!-- wp:paragraph {\"className\":\"\"} -->\n<p class=\"\">Der klassische Kompositionsunterricht geht \u00fcber den Musiktheorieunterricht hinaus: erweitert wird die Satzlehre um k\u00fcnstlerische Kriterien. Melodielehre und Kontrapunkt sind ebenso Teil des Unterrichts wie Aspekte der Instrumentation und des formalen Aufbaus bzw. Dramaturgie einer Komposition. Bei Bedarf werden atonale Kompositionsmodelle und Klangkompositionen besprochen.\u00a0<\/p>\n<p>Vor allem wird eines: komponiert :-).<\/p>\n<p>Ich freue mich auf Ihre<strong> <a href=\"https:\/\/www.dietmar-korthals.de\/dietmar-korthals_wordpress\/kontakt\/\">Kontaktaufnahme<\/a>.<\/strong><\/p>\n<p>P.S.: ich bin Mitglied des <a href=\"https:\/\/www.tonkuenstlerverband.de\/\" target=\"_blank\" rel=\"noopener\"><strong>Deutschen Tonk\u00fcnstlerverbandes<\/strong><\/a>.<\/p>\n<!-- \/wp:paragraph --><!-- wp:heading {\"level\":1,\"className\":\"\"} -->\n<p>\u00a0<\/p>\t\t\t\t\t\t<\/div>\n\t\t\t\t<\/div>\n\t\t\t\t\t<\/div>\n\t\t\t\t<\/div>\n\t\t<div class=\"elementor-element elementor-element-f0ada96 e-flex e-con-boxed e-con e-parent\" data-id=\"f0ada96\" data-element_type=\"container\">\n\t\t\t\t\t<div class=\"e-con-inner\">\n\t\t\t\t<div class=\"elementor-element elementor-element-168bfaa elementor-widget__width-auto elementor-widget elementor-widget-video\" data-id=\"168bfaa\" data-element_type=\"widget\" data-settings=\"{&quot;video_type&quot;:&quot;hosted&quot;,&quot;controls&quot;:&quot;yes&quot;}\" data-widget_type=\"video.default\">\n\t\t\t\t<div class=\"elementor-widget-container\">\n\t\t\t<style>\/*! elementor - v3.23.0 - 05-08-2024 *\/\n.elementor-widget-video .elementor-widget-container{overflow:hidden;transform:translateZ(0)}.elementor-widget-video .elementor-wrapper{aspect-ratio:var(--video-aspect-ratio)}.elementor-widget-video .elementor-wrapper iframe,.elementor-widget-video .elementor-wrapper video{height:100%;width:100%;display:flex;border:none;background-color:#000}@supports not (aspect-ratio:1\/1){.elementor-widget-video .elementor-wrapper{position:relative;overflow:hidden;height:0;padding-bottom:calc(100% \/ var(--video-aspect-ratio))}.elementor-widget-video .elementor-wrapper iframe,.elementor-widget-video .elementor-wrapper video{position:absolute;top:0;right:0;bottom:0;left:0}}.elementor-widget-video .elementor-open-inline .elementor-custom-embed-image-overlay{position:absolute;top:0;right:0;bottom:0;left:0;background-size:cover;background-position:50%}.elementor-widget-video .elementor-custom-embed-image-overlay{cursor:pointer;text-align:center}.elementor-widget-video .elementor-custom-embed-image-overlay:hover .elementor-custom-embed-play i{opacity:1}.elementor-widget-video .elementor-custom-embed-image-overlay img{display:block;width:100%;aspect-ratio:var(--video-aspect-ratio);-o-object-fit:cover;object-fit:cover;-o-object-position:center center;object-position:center center}@supports not (aspect-ratio:1\/1){.elementor-widget-video .elementor-custom-embed-image-overlay{position:relative;overflow:hidden;height:0;padding-bottom:calc(100% \/ var(--video-aspect-ratio))}.elementor-widget-video .elementor-custom-embed-image-overlay img{position:absolute;top:0;right:0;bottom:0;left:0}}.elementor-widget-video .e-hosted-video .elementor-video{-o-object-fit:cover;object-fit:cover}.e-con-inner>.elementor-widget-video,.e-con>.elementor-widget-video{width:var(--container-widget-width);--flex-grow:var(--container-widget-flex-grow)}<\/style>\t\t<div class=\"e-hosted-video elementor-wrapper elementor-open-inline\">\n\t\t\t\t\t<video class=\"elementor-video\" src=\"http:\/\/www.dietmar-korthals.de\/demovideo_angelina_marie.mp4\" controls=\"\" preload=\"metadata\" controlsList=\"nodownload\"><\/video>\n\t\t\t\t<\/div>\n\t\t\t\t<\/div>\n\t\t\t\t<\/div>\n\t\t\t\t\t<\/div>\n\t\t\t\t<\/div>\n\t\t<div class=\"elementor-element elementor-element-8956b13 e-flex e-con-boxed e-con e-parent\" data-id=\"8956b13\" data-element_type=\"container\">\n\t\t\t\t\t<div class=\"e-con-inner\">\n\t\t\t\t<div class=\"elementor-element elementor-element-15626f2 elementor-widget elementor-widget-text-editor\" data-id=\"15626f2\" data-element_type=\"widget\" data-widget_type=\"text-editor.default\">\n\t\t\t\t<div class=\"elementor-widget-container\">\n\t\t\t\t\t\t\t<p>Marie (8) und Angelina (10) spielen Wolfgang Amadeus Mozart: Sonate D-Dur KV 381, 1.Satz.<\/p>\n<p>\u00a0<\/p>\t\t\t\t\t\t<\/div>\n\t\t\t\t<\/div>\n\t\t\t\t\t<\/div>\n\t\t\t\t<\/div>\n\t\t<div class=\"elementor-element elementor-element-6d5f3a3 e-flex e-con-boxed e-con e-parent\" data-id=\"6d5f3a3\" data-element_type=\"container\">\n\t\t\t\t\t<div class=\"e-con-inner\">\n\t\t\t\t<div class=\"elementor-element elementor-element-e7a632b elementor-widget elementor-widget-video\" data-id=\"e7a632b\" data-element_type=\"widget\" data-settings=\"{&quot;video_type&quot;:&quot;hosted&quot;,&quot;controls&quot;:&quot;yes&quot;}\" data-widget_type=\"video.default\">\n\t\t\t\t<div class=\"elementor-widget-container\">\n\t\t\t\t\t<div class=\"e-hosted-video elementor-wrapper elementor-open-inline\">\n\t\t\t\t\t<video class=\"elementor-video\" src=\"https:\/\/www.dietmar-korthals.de\/demovideo_leonard.mp4\" controls=\"\" preload=\"metadata\" controlsList=\"nodownload\"><\/video>\n\t\t\t\t<\/div>\n\t\t\t\t<\/div>\n\t\t\t\t<\/div>\n\t\t\t\t<div class=\"elementor-element elementor-element-8ab5783 elementor-widget elementor-widget-text-editor\" data-id=\"8ab5783\" data-element_type=\"widget\" data-widget_type=\"text-editor.default\">\n\t\t\t\t<div class=\"elementor-widget-container\">\n\t\t\t\t\t\t\t<p>Leonard spielt Sigfrid Karg-Elert: F\u00fcnf St\u00fccke op.23, 1.Satz<\/p>\t\t\t\t\t\t<\/div>\n\t\t\t\t<\/div>\n\t\t\t\t\t<\/div>\n\t\t\t\t<\/div>\n\t\t\t\t<\/div>\n\t\t","protected":false},"excerpt":{"rendered":"<p>Klavier. Musiktheorie. Komposition. Klavierunterricht Egal ob f\u00fcr Sie oder ihr Kind: f\u00fcr alle Altersgruppen biete ich Klavierunterricht in Dortmund an.<span class=\"more-dots\">&#8230;<\/span><\/p>\n","protected":false},"author":1,"featured_media":0,"parent":0,"menu_order":0,"comment_status":"closed","ping_status":"closed","template":"","meta":{"_uf_show_specific_survey":0,"_uf_disable_surveys":false,"footnotes":""},"class_list":["post-119","page","type-page","status-publish","hentry","no-post-thumbnail"],"yoast_head":"<!-- This site is optimized with the Yoast SEO plugin v23.3 - https:\/\/yoast.com\/wordpress\/plugins\/seo\/ -->\n<title>Unterricht - Dietmar Korthals<\/title>\n<meta name=\"description\" content=\"Klavierunterricht in Dortmund: Klassik. Pop. Spass am Musizieren. Musiktheorie. Komponieren. \u00dcben f\u00fcr die Band. Oder Jugend musiziert. Hier geht alles.\" \/>\n<meta name=\"robots\" content=\"index, follow, max-snippet:-1, max-image-preview:large, max-video-preview:-1\" \/>\n<link rel=\"canonical\" href=\"https:\/\/www.dietmar-korthals.de\/dietmar-korthals_wordpress\/klavierunterricht-in-dortmund\/\" \/>\n<meta property=\"og:locale\" content=\"de_DE\" \/>\n<meta property=\"og:type\" content=\"article\" \/>\n<meta property=\"og:title\" content=\"Unterricht - Dietmar Korthals\" \/>\n<meta property=\"og:description\" content=\"Klavierunterricht in Dortmund: Klassik. Pop. Spass am Musizieren. Musiktheorie. Komponieren. \u00dcben f\u00fcr die Band. Oder Jugend musiziert. Hier geht alles.\" \/>\n<meta property=\"og:url\" content=\"https:\/\/www.dietmar-korthals.de\/dietmar-korthals_wordpress\/klavierunterricht-in-dortmund\/\" \/>\n<meta property=\"og:site_name\" content=\"Dietmar Korthals\" \/>\n<meta property=\"article:publisher\" content=\"https:\/\/www.facebook.com\/dietmar.korthals\" \/>\n<meta property=\"article:modified_time\" content=\"2024-11-19T10:48:28+00:00\" \/>\n<meta name=\"twitter:card\" content=\"summary_large_image\" \/>\n<meta name=\"twitter:label1\" content=\"Gesch\u00e4tzte Lesezeit\" \/>\n\t<meta name=\"twitter:data1\" content=\"2\u00a0Minuten\" \/>\n<script type=\"application\/ld+json\" class=\"yoast-schema-graph\">{\"@context\":\"https:\/\/schema.org\",\"@graph\":[{\"@type\":\"WebPage\",\"@id\":\"https:\/\/www.dietmar-korthals.de\/dietmar-korthals_wordpress\/klavierunterricht-in-dortmund\/\",\"url\":\"https:\/\/www.dietmar-korthals.de\/dietmar-korthals_wordpress\/klavierunterricht-in-dortmund\/\",\"name\":\"Unterricht - Dietmar Korthals\",\"isPartOf\":{\"@id\":\"https:\/\/www.dietmar-korthals.de\/dietmar-korthals_wordpress\/#website\"},\"datePublished\":\"2024-03-23T08:19:17+00:00\",\"dateModified\":\"2024-11-19T10:48:28+00:00\",\"description\":\"Klavierunterricht in Dortmund: Klassik. Pop. Spass am Musizieren. Musiktheorie. Komponieren. \u00dcben f\u00fcr die Band. Oder Jugend musiziert. Hier geht alles.\",\"breadcrumb\":{\"@id\":\"https:\/\/www.dietmar-korthals.de\/dietmar-korthals_wordpress\/klavierunterricht-in-dortmund\/#breadcrumb\"},\"inLanguage\":\"de\",\"potentialAction\":[{\"@type\":\"ReadAction\",\"target\":[\"https:\/\/www.dietmar-korthals.de\/dietmar-korthals_wordpress\/klavierunterricht-in-dortmund\/\"]}]},{\"@type\":\"BreadcrumbList\",\"@id\":\"https:\/\/www.dietmar-korthals.de\/dietmar-korthals_wordpress\/klavierunterricht-in-dortmund\/#breadcrumb\",\"itemListElement\":[{\"@type\":\"ListItem\",\"position\":1,\"name\":\"Home\",\"item\":\"https:\/\/www.dietmar-korthals.de\/dietmar-korthals_wordpress\/\"},{\"@type\":\"ListItem\",\"position\":2,\"name\":\"Unterricht\"}]},{\"@type\":\"WebSite\",\"@id\":\"https:\/\/www.dietmar-korthals.de\/dietmar-korthals_wordpress\/#website\",\"url\":\"https:\/\/www.dietmar-korthals.de\/dietmar-korthals_wordpress\/\",\"name\":\"Dietmar Korthals\",\"description\":\"Klavier. Orgel. Konzerte. Unterricht.\",\"publisher\":{\"@id\":\"https:\/\/www.dietmar-korthals.de\/dietmar-korthals_wordpress\/#\/schema\/person\/e762c527bb5e2287a6e0cdf9577bc822\"},\"potentialAction\":[{\"@type\":\"SearchAction\",\"target\":{\"@type\":\"EntryPoint\",\"urlTemplate\":\"https:\/\/www.dietmar-korthals.de\/dietmar-korthals_wordpress\/?s={search_term_string}\"},\"query-input\":\"required name=search_term_string\"}],\"inLanguage\":\"de\"},{\"@type\":[\"Person\",\"Organization\"],\"@id\":\"https:\/\/www.dietmar-korthals.de\/dietmar-korthals_wordpress\/#\/schema\/person\/e762c527bb5e2287a6e0cdf9577bc822\",\"name\":\"bluenote\",\"image\":{\"@type\":\"ImageObject\",\"inLanguage\":\"de\",\"@id\":\"https:\/\/www.dietmar-korthals.de\/dietmar-korthals_wordpress\/#\/schema\/person\/image\/\",\"url\":\"https:\/\/www.dietmar-korthals.de\/dietmar-korthals_wordpress\/wp-content\/uploads\/2024\/03\/dietmar_korthals_3-scaled-e1723734283249.webp\",\"contentUrl\":\"https:\/\/www.dietmar-korthals.de\/dietmar-korthals_wordpress\/wp-content\/uploads\/2024\/03\/dietmar_korthals_3-scaled-e1723734283249.webp\",\"width\":1180,\"height\":635,\"caption\":\"bluenote\"},\"logo\":{\"@id\":\"https:\/\/www.dietmar-korthals.de\/dietmar-korthals_wordpress\/#\/schema\/person\/image\/\"},\"description\":\"Preistr\u00e4ger Jugend komponiert. Studium Musikwissenschaft in Bochum. Klavierlehrer. Organist der Dortmunder Pauluskirche. Projekt \\\"Die popul\u00e4re Orgel\\\" - Choralbearbeitungen in Pop- und Jazzstilen f\u00fcr die Pfeifenorgel. Projekt Orgel plus DJ mit DJ Dash. Projekt PianoSacra - Klavierkl\u00e4nge f\u00fcr die Kirche. Projekt Das Orgelkombinat - Orgel plus Synthesizer. Fernerhin Interesse an den Werken Dortmunder Orgelkomponisten, insbesondere Otto Heinermann\",\"sameAs\":[\"http:\/\/www.dietmar-korthals.de\/dietmar-korthals_wordpress\",\"https:\/\/www.facebook.com\/dietmar.korthals\",\"https:\/\/www.youtube.com\/channel\/UCq2BlRBc_vQkNzsMAInGP6A\",\"https:\/\/de.everybodywiki.com\/Dietmar_Korthals\"]}]}<\/script>\n<!-- \/ Yoast SEO plugin. -->","yoast_head_json":{"title":"Unterricht - Dietmar Korthals","description":"Klavierunterricht in Dortmund: Klassik. Pop. Spass am Musizieren. Musiktheorie. Komponieren. \u00dcben f\u00fcr die Band. Oder Jugend musiziert. Hier geht alles.","robots":{"index":"index","follow":"follow","max-snippet":"max-snippet:-1","max-image-preview":"max-image-preview:large","max-video-preview":"max-video-preview:-1"},"canonical":"https:\/\/www.dietmar-korthals.de\/dietmar-korthals_wordpress\/klavierunterricht-in-dortmund\/","og_locale":"de_DE","og_type":"article","og_title":"Unterricht - Dietmar Korthals","og_description":"Klavierunterricht in Dortmund: Klassik. Pop. Spass am Musizieren. Musiktheorie. Komponieren. \u00dcben f\u00fcr die Band. Oder Jugend musiziert. Hier geht alles.","og_url":"https:\/\/www.dietmar-korthals.de\/dietmar-korthals_wordpress\/klavierunterricht-in-dortmund\/","og_site_name":"Dietmar Korthals","article_publisher":"https:\/\/www.facebook.com\/dietmar.korthals","article_modified_time":"2024-11-19T10:48:28+00:00","twitter_card":"summary_large_image","twitter_misc":{"Gesch\u00e4tzte Lesezeit":"2\u00a0Minuten"},"schema":{"@context":"https:\/\/schema.org","@graph":[{"@type":"WebPage","@id":"https:\/\/www.dietmar-korthals.de\/dietmar-korthals_wordpress\/klavierunterricht-in-dortmund\/","url":"https:\/\/www.dietmar-korthals.de\/dietmar-korthals_wordpress\/klavierunterricht-in-dortmund\/","name":"Unterricht - Dietmar Korthals","isPartOf":{"@id":"https:\/\/www.dietmar-korthals.de\/dietmar-korthals_wordpress\/#website"},"datePublished":"2024-03-23T08:19:17+00:00","dateModified":"2024-11-19T10:48:28+00:00","description":"Klavierunterricht in Dortmund: Klassik. Pop. Spass am Musizieren. Musiktheorie. Komponieren. \u00dcben f\u00fcr die Band. Oder Jugend musiziert. Hier geht alles.","breadcrumb":{"@id":"https:\/\/www.dietmar-korthals.de\/dietmar-korthals_wordpress\/klavierunterricht-in-dortmund\/#breadcrumb"},"inLanguage":"de","potentialAction":[{"@type":"ReadAction","target":["https:\/\/www.dietmar-korthals.de\/dietmar-korthals_wordpress\/klavierunterricht-in-dortmund\/"]}]},{"@type":"BreadcrumbList","@id":"https:\/\/www.dietmar-korthals.de\/dietmar-korthals_wordpress\/klavierunterricht-in-dortmund\/#breadcrumb","itemListElement":[{"@type":"ListItem","position":1,"name":"Home","item":"https:\/\/www.dietmar-korthals.de\/dietmar-korthals_wordpress\/"},{"@type":"ListItem","position":2,"name":"Unterricht"}]},{"@type":"WebSite","@id":"https:\/\/www.dietmar-korthals.de\/dietmar-korthals_wordpress\/#website","url":"https:\/\/www.dietmar-korthals.de\/dietmar-korthals_wordpress\/","name":"Dietmar Korthals","description":"Klavier. Orgel. Konzerte. Unterricht.","publisher":{"@id":"https:\/\/www.dietmar-korthals.de\/dietmar-korthals_wordpress\/#\/schema\/person\/e762c527bb5e2287a6e0cdf9577bc822"},"potentialAction":[{"@type":"SearchAction","target":{"@type":"EntryPoint","urlTemplate":"https:\/\/www.dietmar-korthals.de\/dietmar-korthals_wordpress\/?s={search_term_string}"},"query-input":"required name=search_term_string"}],"inLanguage":"de"},{"@type":["Person","Organization"],"@id":"https:\/\/www.dietmar-korthals.de\/dietmar-korthals_wordpress\/#\/schema\/person\/e762c527bb5e2287a6e0cdf9577bc822","name":"bluenote","image":{"@type":"ImageObject","inLanguage":"de","@id":"https:\/\/www.dietmar-korthals.de\/dietmar-korthals_wordpress\/#\/schema\/person\/image\/","url":"https:\/\/www.dietmar-korthals.de\/dietmar-korthals_wordpress\/wp-content\/uploads\/2024\/03\/dietmar_korthals_3-scaled-e1723734283249.webp","contentUrl":"https:\/\/www.dietmar-korthals.de\/dietmar-korthals_wordpress\/wp-content\/uploads\/2024\/03\/dietmar_korthals_3-scaled-e1723734283249.webp","width":1180,"height":635,"caption":"bluenote"},"logo":{"@id":"https:\/\/www.dietmar-korthals.de\/dietmar-korthals_wordpress\/#\/schema\/person\/image\/"},"description":"Preistr\u00e4ger Jugend komponiert. Studium Musikwissenschaft in Bochum. Klavierlehrer. Organist der Dortmunder Pauluskirche. Projekt \"Die popul\u00e4re Orgel\" - Choralbearbeitungen in Pop- und Jazzstilen f\u00fcr die Pfeifenorgel. Projekt Orgel plus DJ mit DJ Dash. Projekt PianoSacra - Klavierkl\u00e4nge f\u00fcr die Kirche. Projekt Das Orgelkombinat - Orgel plus Synthesizer. Fernerhin Interesse an den Werken Dortmunder Orgelkomponisten, insbesondere Otto Heinermann","sameAs":["http:\/\/www.dietmar-korthals.de\/dietmar-korthals_wordpress","https:\/\/www.facebook.com\/dietmar.korthals","https:\/\/www.youtube.com\/channel\/UCq2BlRBc_vQkNzsMAInGP6A","https:\/\/de.everybodywiki.com\/Dietmar_Korthals"]}]}},"_links":{"self":[{"href":"http:\/\/www.dietmar-korthals.de\/dietmar-korthals_wordpress\/wp-json\/wp\/v2\/pages\/119","targetHints":{"allow":["GET"]}}],"collection":[{"href":"http:\/\/www.dietmar-korthals.de\/dietmar-korthals_wordpress\/wp-json\/wp\/v2\/pages"}],"about":[{"href":"http:\/\/www.dietmar-korthals.de\/dietmar-korthals_wordpress\/wp-json\/wp\/v2\/types\/page"}],"author":[{"embeddable":true,"href":"http:\/\/www.dietmar-korthals.de\/dietmar-korthals_wordpress\/wp-json\/wp\/v2\/users\/1"}],"replies":[{"embeddable":true,"href":"http:\/\/www.dietmar-korthals.de\/dietmar-korthals_wordpress\/wp-json\/wp\/v2\/comments?post=119"}],"version-history":[{"count":29,"href":"http:\/\/www.dietmar-korthals.de\/dietmar-korthals_wordpress\/wp-json\/wp\/v2\/pages\/119\/revisions"}],"predecessor-version":[{"id":489,"href":"http:\/\/www.dietmar-korthals.de\/dietmar-korthals_wordpress\/wp-json\/wp\/v2\/pages\/119\/revisions\/489"}],"wp:attachment":[{"href":"http:\/\/www.dietmar-korthals.de\/dietmar-korthals_wordpress\/wp-json\/wp\/v2\/media?parent=119"}],"curies":[{"name":"wp","href":"https:\/\/api.w.org\/{rel}","templated":true}]}}